{"id":3707,"date":"2020-06-18T10:20:52","date_gmt":"2020-06-18T10:20:52","guid":{"rendered":"https:\/\/boumortindomit.com\/refugi-de-cuberes\/"},"modified":"2021-06-09T16:39:00","modified_gmt":"2021-06-09T16:39:00","slug":"refugi-de-cuberes","status":"publish","type":"page","link":"https:\/\/boumortindomit.com\/es\/refugi-de-cuberes\/","title":{"rendered":"Refugi de Cuberes"},"content":{"rendered":"\t\t<div data-elementor-type=\"wp-page\" data-elementor-id=\"3707\" class=\"elementor elementor-3707 elementor-939\" data-elementor-post-type=\"page\">\n\t\t\t\t\t\t<section data-particle_enable=\"false\" data-particle-mobile-disabled=\"false\" class=\"elementor-section elementor-top-section elementor-element elementor-element-79f0c144 elementor-section-stretched elementor-section-full_width elementor-section-height-default elementor-section-height-default\" data-id=\"79f0c144\" data-element_type=\"section\" data-settings=\"{&quot;stretch_section&quot;:&quot;section-stretched&quot;}\">\n\t\t\t\t\t\t<div class=\"elementor-container elementor-column-gap-no\">\n\t\t\t\t\t<div class=\"elementor-column elementor-col-100 elementor-top-column elementor-element elementor-element-5e55fb39\" data-id=\"5e55fb39\" data-element_type=\"column\">\n\t\t\t<div class=\"elementor-widget-wrap elementor-element-populated\">\n\t\t\t\t\t\t<div class=\"elementor-element elementor-element-366c9011 elementor--h-position-center elementor--v-position-middle elementor-arrows-position-inside elementor-pagination-position-inside elementor-widget elementor-widget-slides\" data-id=\"366c9011\" data-element_type=\"widget\" data-settings=\"{&quot;navigation&quot;:&quot;both&quot;,&quot;autoplay&quot;:&quot;yes&quot;,&quot;pause_on_hover&quot;:&quot;yes&quot;,&quot;pause_on_interaction&quot;:&quot;yes&quot;,&quot;autoplay_speed&quot;:5000,&quot;infinite&quot;:&quot;yes&quot;,&quot;transition&quot;:&quot;slide&quot;,&quot;transition_speed&quot;:500}\" data-widget_type=\"slides.default\">\n\t\t\t\t<div class=\"elementor-widget-container\">\n\t\t\t\t\t<div class=\"elementor-swiper\">\n\t\t\t<div class=\"elementor-slides-wrapper elementor-main-swiper swiper-container\" dir=\"ltr\" data-animation=\"fadeInUp\">\n\t\t\t\t<div class=\"swiper-wrapper elementor-slides\">\n\t\t\t\t\t\t\t\t\t\t<div class=\"elementor-repeater-item-b2aa89c swiper-slide\"><div class=\"swiper-slide-bg\" role=\"img\"><\/div><div class=\"elementor-background-overlay\"><\/div><div class=\"swiper-slide-inner\" ><div class=\"swiper-slide-contents\"><\/div><\/div><\/div>\t\t\t\t<\/div>\n\t\t\t\t\t\t\t<\/div>\n\t\t<\/div>\n\t\t\t\t<\/div>\n\t\t\t\t<\/div>\n\t\t\t\t\t<\/div>\n\t\t<\/div>\n\t\t\t\t\t<\/div>\n\t\t<\/section>\n\t\t\t\t<section data-particle_enable=\"false\" data-particle-mobile-disabled=\"false\" class=\"elementor-section elementor-top-section elementor-element elementor-element-6874b369 elementor-section-boxed elementor-section-height-default elementor-section-height-default\" data-id=\"6874b369\" data-element_type=\"section\" id=\"2\">\n\t\t\t\t\t\t<div class=\"elementor-container elementor-column-gap-default\">\n\t\t\t\t\t<div class=\"elementor-column elementor-col-100 elementor-top-column elementor-element elementor-element-7e47d603\" data-id=\"7e47d603\" data-element_type=\"column\">\n\t\t\t<div class=\"elementor-widget-wrap elementor-element-populated\">\n\t\t\t\t\t\t<div class=\"elementor-element elementor-element-adffcc4 elementor-widget elementor-widget-spacer\" data-id=\"adffcc4\" data-element_type=\"widget\" data-widget_type=\"spacer.default\">\n\t\t\t\t<div class=\"elementor-widget-container\">\n\t\t\t\t\t<div class=\"elementor-spacer\">\n\t\t\t<div class=\"elementor-spacer-inner\"><\/div>\n\t\t<\/div>\n\t\t\t\t<\/div>\n\t\t\t\t<\/div>\n\t\t\t\t\t<\/div>\n\t\t<\/div>\n\t\t\t\t\t<\/div>\n\t\t<\/section>\n\t\t\t\t<section data-particle_enable=\"false\" data-particle-mobile-disabled=\"false\" class=\"elementor-section elementor-top-section elementor-element elementor-element-52411a79 elementor-section-boxed elementor-section-height-default elementor-section-height-default\" data-id=\"52411a79\" data-element_type=\"section\">\n\t\t\t\t\t\t<div class=\"elementor-container elementor-column-gap-default\">\n\t\t\t\t\t<div class=\"elementor-column elementor-col-100 elementor-top-column elementor-element elementor-element-9a4c833\" data-id=\"9a4c833\" data-element_type=\"column\">\n\t\t\t<div class=\"elementor-widget-wrap elementor-element-populated\">\n\t\t\t\t\t\t<div class=\"elementor-element elementor-element-1c08d105 elementor-widget elementor-widget-spacer\" data-id=\"1c08d105\" data-element_type=\"widget\" data-widget_type=\"spacer.default\">\n\t\t\t\t<div class=\"elementor-widget-container\">\n\t\t\t\t\t<div class=\"elementor-spacer\">\n\t\t\t<div class=\"elementor-spacer-inner\"><\/div>\n\t\t<\/div>\n\t\t\t\t<\/div>\n\t\t\t\t<\/div>\n\t\t\t\t<div class=\"elementor-element elementor-element-05f0433 elementor-widget elementor-widget-image\" data-id=\"05f0433\" data-element_type=\"widget\" data-widget_type=\"image.default\">\n\t\t\t\t<div class=\"elementor-widget-container\">\n\t\t\t\t\t\t\t\t\t\t\t\t\t<img decoding=\"async\" width=\"50\" height=\"38\" src=\"https:\/\/boumortindomit.com\/wp-content\/uploads\/2020\/07\/cuberes.png\" class=\"attachment-large size-large wp-image-2565\" alt=\"\" \/>\t\t\t\t\t\t\t\t\t\t\t\t\t<\/div>\n\t\t\t\t<\/div>\n\t\t\t\t<div class=\"elementor-element elementor-element-7ff9f7a elementor-widget elementor-widget-heading\" data-id=\"7ff9f7a\" data-element_type=\"widget\" data-widget_type=\"heading.default\">\n\t\t\t\t<div class=\"elementor-widget-container\">\n\t\t\t<h1 class=\"elementor-heading-title elementor-size-default\">Refugio de Cuberes<\/h1>\t\t<\/div>\n\t\t\t\t<\/div>\n\t\t\t\t<div class=\"elementor-element elementor-element-4a3856c7 elementor-widget elementor-widget-heading\" data-id=\"4a3856c7\" data-element_type=\"widget\" data-widget_type=\"heading.default\">\n\t\t\t\t<div class=\"elementor-widget-container\">\n\t\t\t<h2 class=\"elementor-heading-title elementor-size-default\">UN REFUGIO HIST\u00d3RICO en Boumort<\/h2>\t\t<\/div>\n\t\t\t\t<\/div>\n\t\t\t\t<div class=\"elementor-element elementor-element-567b8b6d elementor-widget elementor-widget-text-editor\" data-id=\"567b8b6d\" data-element_type=\"widget\" data-widget_type=\"text-editor.default\">\n\t\t\t\t<div class=\"elementor-widget-container\">\n\t\t\t\t\t\t\t<p><strong>El refugio es fruto de un proyecto familiar. Varias casualidades llevaron al Gabi y Anna a Cuberes. Una casa preciosa, de las que todo el mundo dibujaba de peque\u00f1o, ha acabado convirti\u00e9ndose en un refugio en Boumort. All\u00ed fueron a vivir, de unos escombros hicieron un hogar, de quien la sensaci\u00f3n que uno es en casa cuando viene, y junto con la Jana, el Guillermo y Nina vuelven a dar vida a un lugar bien perdido del Baix Pallars.<\/strong><\/p><p>El refugio est\u00e1 ubicado cerca del pueblo de Cuberes. El edificio era una antigua casa forestal que poco a poco se fue arreglando y dado el nuevo uso. El refugio est\u00e1 a 1480m de altitud, en medio de un bosque fant\u00e1stico. Aqu\u00ed podr\u00e1s desconectar de verdad y disfrutar del silencio, de caminatas por senderos bien salvajes y solitarios, observar de cerca animales (los protagonistas de la reserva el ciervo y los buitres entre otros) y qued\u00f3 maravillado con un cielo inmenso y llen\u00edsimo de estrellas. \u00bfOs anim\u00e1is a venir? Seguro que salga encantados<\/p>\t\t\t\t\t\t<\/div>\n\t\t\t\t<\/div>\n\t\t\t\t\t<\/div>\n\t\t<\/div>\n\t\t\t\t\t<\/div>\n\t\t<\/section>\n\t\t\t\t<section data-particle_enable=\"false\" data-particle-mobile-disabled=\"false\" class=\"elementor-section elementor-top-section elementor-element elementor-element-29a9f40 elementor-section-boxed elementor-section-height-default elementor-section-height-default\" data-id=\"29a9f40\" data-element_type=\"section\">\n\t\t\t\t\t\t<div class=\"elementor-container elementor-column-gap-default\">\n\t\t\t\t\t<div class=\"elementor-column elementor-col-100 elementor-top-column elementor-element elementor-element-74c2925c\" data-id=\"74c2925c\" data-element_type=\"column\">\n\t\t\t<div class=\"elementor-widget-wrap elementor-element-populated\">\n\t\t\t\t\t\t<div class=\"elementor-element elementor-element-5acdf934 elementor--h-position-center elementor--v-position-middle elementor-arrows-position-inside elementor-pagination-position-inside elementor-widget elementor-widget-slides\" data-id=\"5acdf934\" data-element_type=\"widget\" data-settings=\"{&quot;navigation&quot;:&quot;both&quot;,&quot;autoplay&quot;:&quot;yes&quot;,&quot;pause_on_hover&quot;:&quot;yes&quot;,&quot;pause_on_interaction&quot;:&quot;yes&quot;,&quot;autoplay_speed&quot;:5000,&quot;infinite&quot;:&quot;yes&quot;,&quot;transition&quot;:&quot;slide&quot;,&quot;transition_speed&quot;:500}\" data-widget_type=\"slides.default\">\n\t\t\t\t<div class=\"elementor-widget-container\">\n\t\t\t\t\t<div class=\"elementor-swiper\">\n\t\t\t<div class=\"elementor-slides-wrapper elementor-main-swiper swiper-container\" dir=\"ltr\" data-animation=\"fadeInUp\">\n\t\t\t\t<div class=\"swiper-wrapper elementor-slides\">\n\t\t\t\t\t\t\t\t\t\t<div class=\"elementor-repeater-item-b0d5fe2 swiper-slide\"><div class=\"swiper-slide-bg\" role=\"img\"><\/div><div class=\"swiper-slide-inner\" ><div class=\"swiper-slide-contents\"><\/div><\/div><\/div><div class=\"elementor-repeater-item-350ece6 swiper-slide\"><div class=\"swiper-slide-bg\" role=\"img\"><\/div><div class=\"swiper-slide-inner\" ><div class=\"swiper-slide-contents\"><\/div><\/div><\/div><div class=\"elementor-repeater-item-e034e35 swiper-slide\"><div class=\"swiper-slide-bg\" role=\"img\"><\/div><div class=\"swiper-slide-inner\" ><div class=\"swiper-slide-contents\"><\/div><\/div><\/div><div class=\"elementor-repeater-item-15a6b83 swiper-slide\"><div class=\"swiper-slide-bg\" role=\"img\"><\/div><div class=\"swiper-slide-inner\" ><div class=\"swiper-slide-contents\"><\/div><\/div><\/div><div class=\"elementor-repeater-item-011efe0 swiper-slide\"><div class=\"swiper-slide-bg\" role=\"img\"><\/div><div class=\"swiper-slide-inner\" ><div class=\"swiper-slide-contents\"><\/div><\/div><\/div><div class=\"elementor-repeater-item-1958105 swiper-slide\"><div class=\"swiper-slide-bg\" role=\"img\"><\/div><div class=\"swiper-slide-inner\" ><div class=\"swiper-slide-contents\"><\/div><\/div><\/div><div class=\"elementor-repeater-item-4366770 swiper-slide\"><div class=\"swiper-slide-bg\" role=\"img\"><\/div><div class=\"swiper-slide-inner\" ><div class=\"swiper-slide-contents\"><\/div><\/div><\/div><div class=\"elementor-repeater-item-63ba557 swiper-slide\"><div class=\"swiper-slide-bg\" role=\"img\"><\/div><div class=\"swiper-slide-inner\" ><div class=\"swiper-slide-contents\"><\/div><\/div><\/div><div class=\"elementor-repeater-item-b64bd2d swiper-slide\"><div class=\"swiper-slide-bg\" role=\"img\"><\/div><div class=\"swiper-slide-inner\" ><div class=\"swiper-slide-contents\"><\/div><\/div><\/div>\t\t\t\t<\/div>\n\t\t\t\t\t\t\t\t\t\t\t\t\t\t\t<div class=\"swiper-pagination\"><\/div>\n\t\t\t\t\t\t\t\t\t\t\t\t\t\t\t\t<div class=\"elementor-swiper-button elementor-swiper-button-prev\" role=\"button\" tabindex=\"0\">\n\t\t\t\t\t\t\t<i aria-hidden=\"true\" class=\"eicon-chevron-left\"><\/i>\t\t\t\t\t\t\t<span class=\"elementor-screen-only\">Diapositiva anterior<\/span>\n\t\t\t\t\t\t<\/div>\n\t\t\t\t\t\t<div class=\"elementor-swiper-button elementor-swiper-button-next\" role=\"button\" tabindex=\"0\">\n\t\t\t\t\t\t\t<i aria-hidden=\"true\" class=\"eicon-chevron-right\"><\/i>\t\t\t\t\t\t\t<span class=\"elementor-screen-only\">Diapositiva siguiente<\/span>\n\t\t\t\t\t\t<\/div>\n\t\t\t\t\t\t\t\t\t\t\t\t<\/div>\n\t\t<\/div>\n\t\t\t\t<\/div>\n\t\t\t\t<\/div>\n\t\t\t\t\t<\/div>\n\t\t<\/div>\n\t\t\t\t\t<\/div>\n\t\t<\/section>\n\t\t\t\t<section data-particle_enable=\"false\" data-particle-mobile-disabled=\"false\" class=\"elementor-section elementor-top-section elementor-element elementor-element-68fdbed elementor-section-boxed elementor-section-height-default elementor-section-height-default\" data-id=\"68fdbed\" data-element_type=\"section\">\n\t\t\t\t\t\t<div class=\"elementor-container elementor-column-gap-default\">\n\t\t\t\t\t<div class=\"elementor-column elementor-col-33 elementor-top-column elementor-element elementor-element-5d986d9\" data-id=\"5d986d9\" data-element_type=\"column\">\n\t\t\t<div class=\"elementor-widget-wrap elementor-element-populated\">\n\t\t\t\t\t\t<div class=\"elementor-element elementor-element-3197cb6 elementor-widget elementor-widget-image\" data-id=\"3197cb6\" data-element_type=\"widget\" data-widget_type=\"image.default\">\n\t\t\t\t<div class=\"elementor-widget-container\">\n\t\t\t\t\t\t\t\t\t\t\t\t\t\t<a href=\"https:\/\/boumortindomit.com\/wp-content\/uploads\/2020\/07\/IMG_4743.jpg\" data-elementor-open-lightbox=\"yes\" data-elementor-lightbox-title=\"Refugi de Cuberes (Boumort Ind\u00f2mit)\" data-e-action-hash=\"#elementor-action%3Aaction%3Dlightbox%26settings%3DeyJpZCI6MjI2MywidXJsIjoiaHR0cHM6XC9cL2JvdW1vcnRpbmRvbWl0LmNvbVwvd3AtY29udGVudFwvdXBsb2Fkc1wvMjAyMFwvMDdcL0lNR180NzQzLmpwZyJ9\">\n\t\t\t\t\t\t\t<img fetchpriority=\"high\" decoding=\"async\" width=\"1024\" height=\"683\" src=\"https:\/\/boumortindomit.com\/wp-content\/uploads\/2020\/07\/IMG_4743-1024x683.jpg\" class=\"attachment-large size-large wp-image-2263\" alt=\"\" srcset=\"https:\/\/boumortindomit.com\/wp-content\/uploads\/2020\/07\/IMG_4743-1024x683.jpg 1024w, https:\/\/boumortindomit.com\/wp-content\/uploads\/2020\/07\/IMG_4743-300x200.jpg 300w, https:\/\/boumortindomit.com\/wp-content\/uploads\/2020\/07\/IMG_4743-768x512.jpg 768w, https:\/\/boumortindomit.com\/wp-content\/uploads\/2020\/07\/IMG_4743-1536x1024.jpg 1536w, https:\/\/boumortindomit.com\/wp-content\/uploads\/2020\/07\/IMG_4743.jpg 1800w\" sizes=\"(max-width: 1024px) 100vw, 1024px\" \/>\t\t\t\t\t\t\t\t<\/a>\n\t\t\t\t\t\t\t\t\t\t\t\t\t<\/div>\n\t\t\t\t<\/div>\n\t\t\t\t\t<\/div>\n\t\t<\/div>\n\t\t\t\t<div class=\"elementor-column elementor-col-33 elementor-top-column elementor-element elementor-element-e4438ba\" data-id=\"e4438ba\" data-element_type=\"column\">\n\t\t\t<div class=\"elementor-widget-wrap elementor-element-populated\">\n\t\t\t\t\t\t<div class=\"elementor-element elementor-element-78bb676 elementor-widget elementor-widget-image\" data-id=\"78bb676\" data-element_type=\"widget\" data-widget_type=\"image.default\">\n\t\t\t\t<div class=\"elementor-widget-container\">\n\t\t\t\t\t\t\t\t\t\t\t\t\t\t<a href=\"https:\/\/boumortindomit.com\/wp-content\/uploads\/2020\/07\/IMG_4321-scaled.jpg\" data-elementor-open-lightbox=\"yes\" data-elementor-lightbox-title=\"Refugi de Cuberes (Boumort Ind\u00f2mit)\" data-e-action-hash=\"#elementor-action%3Aaction%3Dlightbox%26settings%3DeyJpZCI6MTQ3NSwidXJsIjoiaHR0cHM6XC9cL2JvdW1vcnRpbmRvbWl0LmNvbVwvd3AtY29udGVudFwvdXBsb2Fkc1wvMjAyMFwvMDdcL0lNR180MzIxLXNjYWxlZC5qcGcifQ%3D%3D\">\n\t\t\t\t\t\t\t<img decoding=\"async\" width=\"1024\" height=\"683\" src=\"https:\/\/boumortindomit.com\/wp-content\/uploads\/2020\/07\/IMG_4321-1024x683.jpg\" class=\"attachment-large size-large wp-image-1475\" alt=\"\" srcset=\"https:\/\/boumortindomit.com\/wp-content\/uploads\/2020\/07\/IMG_4321-1024x683.jpg 1024w, https:\/\/boumortindomit.com\/wp-content\/uploads\/2020\/07\/IMG_4321-300x200.jpg 300w, https:\/\/boumortindomit.com\/wp-content\/uploads\/2020\/07\/IMG_4321-768x512.jpg 768w, https:\/\/boumortindomit.com\/wp-content\/uploads\/2020\/07\/IMG_4321-1536x1024.jpg 1536w, https:\/\/boumortindomit.com\/wp-content\/uploads\/2020\/07\/IMG_4321-2048x1365.jpg 2048w\" sizes=\"(max-width: 1024px) 100vw, 1024px\" \/>\t\t\t\t\t\t\t\t<\/a>\n\t\t\t\t\t\t\t\t\t\t\t\t\t<\/div>\n\t\t\t\t<\/div>\n\t\t\t\t\t<\/div>\n\t\t<\/div>\n\t\t\t\t<div class=\"elementor-column elementor-col-33 elementor-top-column elementor-element elementor-element-371b031\" data-id=\"371b031\" data-element_type=\"column\">\n\t\t\t<div class=\"elementor-widget-wrap elementor-element-populated\">\n\t\t\t\t\t\t<div class=\"elementor-element elementor-element-b624581 elementor-widget elementor-widget-image\" data-id=\"b624581\" data-element_type=\"widget\" data-widget_type=\"image.default\">\n\t\t\t\t<div class=\"elementor-widget-container\">\n\t\t\t\t\t\t\t\t\t\t\t\t\t\t<a href=\"https:\/\/boumortindomit.com\/wp-content\/uploads\/2020\/07\/IMG_4212.jpg\" data-elementor-open-lightbox=\"yes\" data-elementor-lightbox-title=\"Refugi de Cuberes (Boumort Ind\u00f2mit)\" data-e-action-hash=\"#elementor-action%3Aaction%3Dlightbox%26settings%3DeyJpZCI6MTQ3OCwidXJsIjoiaHR0cHM6XC9cL2JvdW1vcnRpbmRvbWl0LmNvbVwvd3AtY29udGVudFwvdXBsb2Fkc1wvMjAyMFwvMDdcL0lNR180MjEyLmpwZyJ9\">\n\t\t\t\t\t\t\t<img loading=\"lazy\" decoding=\"async\" width=\"1024\" height=\"682\" src=\"https:\/\/boumortindomit.com\/wp-content\/uploads\/2020\/07\/IMG_4212-1024x682.jpg\" class=\"attachment-large size-large wp-image-1478\" alt=\"\" srcset=\"https:\/\/boumortindomit.com\/wp-content\/uploads\/2020\/07\/IMG_4212-1024x682.jpg 1024w, https:\/\/boumortindomit.com\/wp-content\/uploads\/2020\/07\/IMG_4212-300x200.jpg 300w, https:\/\/boumortindomit.com\/wp-content\/uploads\/2020\/07\/IMG_4212-768x512.jpg 768w, https:\/\/boumortindomit.com\/wp-content\/uploads\/2020\/07\/IMG_4212-1536x1024.jpg 1536w, https:\/\/boumortindomit.com\/wp-content\/uploads\/2020\/07\/IMG_4212.jpg 1955w\" sizes=\"(max-width: 1024px) 100vw, 1024px\" \/>\t\t\t\t\t\t\t\t<\/a>\n\t\t\t\t\t\t\t\t\t\t\t\t\t<\/div>\n\t\t\t\t<\/div>\n\t\t\t\t\t<\/div>\n\t\t<\/div>\n\t\t\t\t\t<\/div>\n\t\t<\/section>\n\t\t\t\t<section data-particle_enable=\"false\" data-particle-mobile-disabled=\"false\" class=\"elementor-section elementor-top-section elementor-element elementor-element-658cc09b elementor-section-boxed elementor-section-height-default elementor-section-height-default\" data-id=\"658cc09b\" data-element_type=\"section\">\n\t\t\t\t\t\t<div class=\"elementor-container elementor-column-gap-default\">\n\t\t\t\t\t<div class=\"elementor-column elementor-col-100 elementor-top-column elementor-element elementor-element-35cca69f\" data-id=\"35cca69f\" data-element_type=\"column\">\n\t\t\t<div class=\"elementor-widget-wrap elementor-element-populated\">\n\t\t\t\t\t\t<div class=\"elementor-element elementor-element-09daaac elementor-widget elementor-widget-text-editor\" data-id=\"09daaac\" data-element_type=\"widget\" data-widget_type=\"text-editor.default\">\n\t\t\t\t<div class=\"elementor-widget-container\">\n\t\t\t\t\t\t\t<p>Las posibilidades que nos ofrece la zona son muy variadas. A Boumort no tenemos grandes picos, pero si cantidad de caminos, senderos y rutas llenas de historia. \u00bfSab\u00edas que la torre de Seny\u00fas es una edificaci\u00f3n medieval? \u00bfQue Espluga de Cuberes tiene una preciosa ermita rom\u00e1nica? \u00bfQue a Espl\u00e1 la guerra civil dej\u00f3 historias bien tristes y que tenemos varias trincheras? \u00bfQue las moixarroneres (setas t\u00edpicas) salen a\u00f1o tras a\u00f1o en el mismo lugar? \u00bfQue los ciervos les caen los cuernos cada a\u00f1o? \u00bfQue el buitre negro ha decidido quedarse a vivir en Boumort?<\/p><p>Desde el refugio queremos que su estancia en casa sea lo m\u00e1s c\u00f3modo y confortable posible. Dentro la autenticidad de ser una casa alejada de todo, contamos con varios servicios para pasar unos d\u00edas bien aut\u00e9nticos.<\/p>\t\t\t\t\t\t<\/div>\n\t\t\t\t<\/div>\n\t\t\t\t<div class=\"elementor-element elementor-element-1cadc073 elementor-widget elementor-widget-text-editor\" data-id=\"1cadc073\" data-element_type=\"widget\" data-widget_type=\"text-editor.default\">\n\t\t\t\t<div class=\"elementor-widget-container\">\n\t\t\t\t\t\t\t<p style=\"text-align: center;\">M\u00e1s informaci\u00f3n: <a href=\"http:\/\/refugicuberes.com\/\" target=\"_blank\" rel=\"noopener\">www.refugicuberes.com<\/a><\/p>\t\t\t\t\t\t<\/div>\n\t\t\t\t<\/div>\n\t\t\t\t<div class=\"elementor-element elementor-element-517ef27e elementor-widget elementor-widget-spacer\" data-id=\"517ef27e\" data-element_type=\"widget\" data-widget_type=\"spacer.default\">\n\t\t\t\t<div class=\"elementor-widget-container\">\n\t\t\t\t\t<div class=\"elementor-spacer\">\n\t\t\t<div class=\"elementor-spacer-inner\"><\/div>\n\t\t<\/div>\n\t\t\t\t<\/div>\n\t\t\t\t<\/div>\n\t\t\t\t\t<\/div>\n\t\t<\/div>\n\t\t\t\t\t<\/div>\n\t\t<\/section>\n\t\t\t\t<\/div>\n\t\t","protected":false},"excerpt":{"rendered":"<p>Refugio de Cuberes UN REFUGIO HIST\u00d3RICO en Boumort El refugio es fruto de un proyecto familiar. Varias casualidades llevaron al Gabi y Anna a Cuberes. Una casa preciosa, de las &hellip;<\/p>\n<p class=\"read-more\"> <a class=\"ast-button\" href=\"https:\/\/boumortindomit.com\/es\/refugi-de-cuberes\/\"> <span class=\"screen-reader-text\">Refugi de Cuberes<\/span> Llegir m\u00e9s \u00bb<\/a><\/p>\n","protected":false},"author":1,"featured_media":0,"parent":0,"menu_order":0,"comment_status":"closed","ping_status":"closed","template":"","meta":{"site-sidebar-layout":"no-sidebar","site-content-layout":"page-builder","ast-global-header-display":"","ast-main-header-display":"","ast-hfb-above-header-display":"","ast-hfb-below-header-display":"","ast-hfb-mobile-header-display":"","site-post-title":"disabled","ast-breadcrumbs-content":"","ast-featured-img":"disabled","footer-sml-layout":"","theme-transparent-header-meta":"enabled","adv-header-id-meta":"","stick-header-meta":"default","header-above-stick-meta":"","header-main-stick-meta":"","header-below-stick-meta":"","footnotes":"","_joinchat":[]},"yoast_head":"<!-- This site is optimized with the Yoast SEO plugin v22.1 - https:\/\/yoast.com\/wordpress\/plugins\/seo\/ -->\n<title>Refugi de Cuberes - Boumort Ind\u00f2mit<\/title>\n<meta name=\"robots\" content=\"index, follow, max-snippet:-1, max-image-preview:large, max-video-preview:-1\" \/>\n<link rel=\"canonical\" href=\"https:\/\/boumortindomit.com\/es\/refugi-de-cuberes\/\" \/>\n<meta property=\"og:locale\" content=\"es_ES\" \/>\n<meta property=\"og:type\" content=\"article\" \/>\n<meta property=\"og:title\" content=\"Refugi de Cuberes - Boumort Ind\u00f2mit\" \/>\n<meta property=\"og:description\" content=\"Refugio de Cuberes UN REFUGIO HIST\u00d3RICO en Boumort El refugio es fruto de un proyecto familiar. Varias casualidades llevaron al Gabi y Anna a Cuberes. Una casa preciosa, de las &hellip; Refugi de Cuberes Llegir m\u00e9s \u00bb\" \/>\n<meta property=\"og:url\" content=\"https:\/\/boumortindomit.com\/es\/refugi-de-cuberes\/\" \/>\n<meta property=\"og:site_name\" content=\"Boumort Ind\u00f2mit\" \/>\n<meta property=\"article:modified_time\" content=\"2021-06-09T16:39:00+00:00\" \/>\n<meta property=\"og:image\" content=\"https:\/\/boumortindomit.com\/wp-content\/uploads\/2020\/07\/cuberes.png\" \/>\n<meta name=\"twitter:card\" content=\"summary_large_image\" \/>\n<meta name=\"twitter:label1\" content=\"Tiempo de lectura\" \/>\n\t<meta name=\"twitter:data1\" content=\"3 minutos\" \/>\n<script type=\"application\/ld+json\" class=\"yoast-schema-graph\">{\"@context\":\"https:\/\/schema.org\",\"@graph\":[{\"@type\":\"WebPage\",\"@id\":\"https:\/\/boumortindomit.com\/es\/refugi-de-cuberes\/\",\"url\":\"https:\/\/boumortindomit.com\/es\/refugi-de-cuberes\/\",\"name\":\"Refugi de Cuberes - Boumort Ind\u00f2mit\",\"isPartOf\":{\"@id\":\"https:\/\/boumortindomit.com\/#website\"},\"datePublished\":\"2020-06-18T10:20:52+00:00\",\"dateModified\":\"2021-06-09T16:39:00+00:00\",\"breadcrumb\":{\"@id\":\"https:\/\/boumortindomit.com\/es\/refugi-de-cuberes\/#breadcrumb\"},\"inLanguage\":\"es\",\"potentialAction\":[{\"@type\":\"ReadAction\",\"target\":[\"https:\/\/boumortindomit.com\/es\/refugi-de-cuberes\/\"]}]},{\"@type\":\"BreadcrumbList\",\"@id\":\"https:\/\/boumortindomit.com\/es\/refugi-de-cuberes\/#breadcrumb\",\"itemListElement\":[{\"@type\":\"ListItem\",\"position\":1,\"name\":\"Inici\",\"item\":\"https:\/\/boumortindomit.com\/\"},{\"@type\":\"ListItem\",\"position\":2,\"name\":\"Refugi de Cuberes\"}]},{\"@type\":\"WebSite\",\"@id\":\"https:\/\/boumortindomit.com\/#website\",\"url\":\"https:\/\/boumortindomit.com\/\",\"name\":\"Boumort Ind\u00f2mit\",\"description\":\"Ecoturisme\",\"potentialAction\":[{\"@type\":\"SearchAction\",\"target\":{\"@type\":\"EntryPoint\",\"urlTemplate\":\"https:\/\/boumortindomit.com\/?s={search_term_string}\"},\"query-input\":\"required name=search_term_string\"}],\"inLanguage\":\"es\"}]}<\/script>\n<!-- \/ Yoast SEO plugin. -->","yoast_head_json":{"title":"Refugi de Cuberes - Boumort Ind\u00f2mit","robots":{"index":"index","follow":"follow","max-snippet":"max-snippet:-1","max-image-preview":"max-image-preview:large","max-video-preview":"max-video-preview:-1"},"canonical":"https:\/\/boumortindomit.com\/es\/refugi-de-cuberes\/","og_locale":"es_ES","og_type":"article","og_title":"Refugi de Cuberes - Boumort Ind\u00f2mit","og_description":"Refugio de Cuberes UN REFUGIO HIST\u00d3RICO en Boumort El refugio es fruto de un proyecto familiar. Varias casualidades llevaron al Gabi y Anna a Cuberes. Una casa preciosa, de las &hellip; Refugi de Cuberes Llegir m\u00e9s \u00bb","og_url":"https:\/\/boumortindomit.com\/es\/refugi-de-cuberes\/","og_site_name":"Boumort Ind\u00f2mit","article_modified_time":"2021-06-09T16:39:00+00:00","og_image":[{"url":"https:\/\/boumortindomit.com\/wp-content\/uploads\/2020\/07\/cuberes.png"}],"twitter_card":"summary_large_image","twitter_misc":{"Tiempo de lectura":"3 minutos"},"schema":{"@context":"https:\/\/schema.org","@graph":[{"@type":"WebPage","@id":"https:\/\/boumortindomit.com\/es\/refugi-de-cuberes\/","url":"https:\/\/boumortindomit.com\/es\/refugi-de-cuberes\/","name":"Refugi de Cuberes - Boumort Ind\u00f2mit","isPartOf":{"@id":"https:\/\/boumortindomit.com\/#website"},"datePublished":"2020-06-18T10:20:52+00:00","dateModified":"2021-06-09T16:39:00+00:00","breadcrumb":{"@id":"https:\/\/boumortindomit.com\/es\/refugi-de-cuberes\/#breadcrumb"},"inLanguage":"es","potentialAction":[{"@type":"ReadAction","target":["https:\/\/boumortindomit.com\/es\/refugi-de-cuberes\/"]}]},{"@type":"BreadcrumbList","@id":"https:\/\/boumortindomit.com\/es\/refugi-de-cuberes\/#breadcrumb","itemListElement":[{"@type":"ListItem","position":1,"name":"Inici","item":"https:\/\/boumortindomit.com\/"},{"@type":"ListItem","position":2,"name":"Refugi de Cuberes"}]},{"@type":"WebSite","@id":"https:\/\/boumortindomit.com\/#website","url":"https:\/\/boumortindomit.com\/","name":"Boumort Ind\u00f2mit","description":"Ecoturisme","potentialAction":[{"@type":"SearchAction","target":{"@type":"EntryPoint","urlTemplate":"https:\/\/boumortindomit.com\/?s={search_term_string}"},"query-input":"required name=search_term_string"}],"inLanguage":"es"}]}},"_links":{"self":[{"href":"https:\/\/boumortindomit.com\/es\/wp-json\/wp\/v2\/pages\/3707"}],"collection":[{"href":"https:\/\/boumortindomit.com\/es\/wp-json\/wp\/v2\/pages"}],"about":[{"href":"https:\/\/boumortindomit.com\/es\/wp-json\/wp\/v2\/types\/page"}],"author":[{"embeddable":true,"href":"https:\/\/boumortindomit.com\/es\/wp-json\/wp\/v2\/users\/1"}],"replies":[{"embeddable":true,"href":"https:\/\/boumortindomit.com\/es\/wp-json\/wp\/v2\/comments?post=3707"}],"version-history":[{"count":0,"href":"https:\/\/boumortindomit.com\/es\/wp-json\/wp\/v2\/pages\/3707\/revisions"}],"wp:attachment":[{"href":"https:\/\/boumortindomit.com\/es\/wp-json\/wp\/v2\/media?parent=3707"}],"curies":[{"name":"wp","href":"https:\/\/api.w.org\/{rel}","templated":true}]}}