{"id":3697,"date":"2020-06-18T10:10:32","date_gmt":"2020-06-18T10:10:32","guid":{"rendered":"https:\/\/boumortindomit.com\/cal-rossa\/"},"modified":"2021-06-09T16:35:55","modified_gmt":"2021-06-09T16:35:55","slug":"cal-rossa","status":"publish","type":"page","link":"https:\/\/boumortindomit.com\/es\/cal-rossa\/","title":{"rendered":"Cal Rossa"},"content":{"rendered":"\t\t<div data-elementor-type=\"wp-page\" data-elementor-id=\"3697\" class=\"elementor elementor-3697 elementor-928\" data-elementor-post-type=\"page\">\n\t\t\t\t\t\t<section data-particle_enable=\"false\" data-particle-mobile-disabled=\"false\" class=\"elementor-section elementor-top-section elementor-element elementor-element-22795182 elementor-section-stretched elementor-section-full_width elementor-section-height-default elementor-section-height-default\" data-id=\"22795182\" data-element_type=\"section\" data-settings=\"{&quot;stretch_section&quot;:&quot;section-stretched&quot;}\">\n\t\t\t\t\t\t<div class=\"elementor-container elementor-column-gap-no\">\n\t\t\t\t\t<div class=\"elementor-column elementor-col-100 elementor-top-column elementor-element elementor-element-3a95c670\" data-id=\"3a95c670\" data-element_type=\"column\">\n\t\t\t<div class=\"elementor-widget-wrap elementor-element-populated\">\n\t\t\t\t\t\t<div class=\"elementor-element elementor-element-1dbb4ff5 elementor--h-position-center elementor--v-position-middle elementor-arrows-position-inside elementor-pagination-position-inside elementor-widget elementor-widget-slides\" data-id=\"1dbb4ff5\" data-element_type=\"widget\" data-settings=\"{&quot;navigation&quot;:&quot;both&quot;,&quot;autoplay&quot;:&quot;yes&quot;,&quot;pause_on_hover&quot;:&quot;yes&quot;,&quot;pause_on_interaction&quot;:&quot;yes&quot;,&quot;autoplay_speed&quot;:5000,&quot;infinite&quot;:&quot;yes&quot;,&quot;transition&quot;:&quot;slide&quot;,&quot;transition_speed&quot;:500}\" data-widget_type=\"slides.default\">\n\t\t\t\t<div class=\"elementor-widget-container\">\n\t\t\t\t\t<div class=\"elementor-swiper\">\n\t\t\t<div class=\"elementor-slides-wrapper elementor-main-swiper swiper-container\" dir=\"ltr\" data-animation=\"fadeInUp\">\n\t\t\t\t<div class=\"swiper-wrapper elementor-slides\">\n\t\t\t\t\t\t\t\t\t\t<div class=\"elementor-repeater-item-b2aa89c swiper-slide\"><div class=\"swiper-slide-bg\" role=\"img\"><\/div><div class=\"elementor-background-overlay\"><\/div><div class=\"swiper-slide-inner\" ><div class=\"swiper-slide-contents\"><\/div><\/div><\/div>\t\t\t\t<\/div>\n\t\t\t\t\t\t\t<\/div>\n\t\t<\/div>\n\t\t\t\t<\/div>\n\t\t\t\t<\/div>\n\t\t\t\t\t<\/div>\n\t\t<\/div>\n\t\t\t\t\t<\/div>\n\t\t<\/section>\n\t\t\t\t<section data-particle_enable=\"false\" data-particle-mobile-disabled=\"false\" class=\"elementor-section elementor-top-section elementor-element elementor-element-1b780291 elementor-section-boxed elementor-section-height-default elementor-section-height-default\" data-id=\"1b780291\" data-element_type=\"section\" id=\"2\">\n\t\t\t\t\t\t<div class=\"elementor-container elementor-column-gap-default\">\n\t\t\t\t\t<div class=\"elementor-column elementor-col-100 elementor-top-column elementor-element elementor-element-1cbab007\" data-id=\"1cbab007\" data-element_type=\"column\">\n\t\t\t<div class=\"elementor-widget-wrap elementor-element-populated\">\n\t\t\t\t\t\t<div class=\"elementor-element elementor-element-6ba0f52a elementor-widget elementor-widget-spacer\" data-id=\"6ba0f52a\" data-element_type=\"widget\" data-widget_type=\"spacer.default\">\n\t\t\t\t<div class=\"elementor-widget-container\">\n\t\t\t\t\t<div class=\"elementor-spacer\">\n\t\t\t<div class=\"elementor-spacer-inner\"><\/div>\n\t\t<\/div>\n\t\t\t\t<\/div>\n\t\t\t\t<\/div>\n\t\t\t\t\t<\/div>\n\t\t<\/div>\n\t\t\t\t\t<\/div>\n\t\t<\/section>\n\t\t\t\t<section data-particle_enable=\"false\" data-particle-mobile-disabled=\"false\" class=\"elementor-section elementor-top-section elementor-element elementor-element-df3145d elementor-section-boxed elementor-section-height-default elementor-section-height-default\" data-id=\"df3145d\" data-element_type=\"section\">\n\t\t\t\t\t\t<div class=\"elementor-container elementor-column-gap-default\">\n\t\t\t\t\t<div class=\"elementor-column elementor-col-100 elementor-top-column elementor-element elementor-element-02adc26\" data-id=\"02adc26\" data-element_type=\"column\">\n\t\t\t<div class=\"elementor-widget-wrap elementor-element-populated\">\n\t\t\t\t\t\t<div class=\"elementor-element elementor-element-4cbfe9a elementor-widget elementor-widget-spacer\" data-id=\"4cbfe9a\" data-element_type=\"widget\" data-widget_type=\"spacer.default\">\n\t\t\t\t<div class=\"elementor-widget-container\">\n\t\t\t\t\t<div class=\"elementor-spacer\">\n\t\t\t<div class=\"elementor-spacer-inner\"><\/div>\n\t\t<\/div>\n\t\t\t\t<\/div>\n\t\t\t\t<\/div>\n\t\t\t\t<div class=\"elementor-element elementor-element-4e8c5c0 elementor-widget elementor-widget-image\" data-id=\"4e8c5c0\" data-element_type=\"widget\" data-widget_type=\"image.default\">\n\t\t\t\t<div class=\"elementor-widget-container\">\n\t\t\t\t\t\t\t\t\t\t\t\t\t<img decoding=\"async\" width=\"50\" height=\"38\" src=\"https:\/\/boumortindomit.com\/wp-content\/uploads\/2020\/07\/calrossa.png\" class=\"attachment-large size-large wp-image-2525\" alt=\"\" \/>\t\t\t\t\t\t\t\t\t\t\t\t\t<\/div>\n\t\t\t\t<\/div>\n\t\t\t\t<div class=\"elementor-element elementor-element-7e86588e elementor-widget elementor-widget-heading\" data-id=\"7e86588e\" data-element_type=\"widget\" data-widget_type=\"heading.default\">\n\t\t\t\t<div class=\"elementor-widget-container\">\n\t\t\t<h1 class=\"elementor-heading-title elementor-size-default\">Cal Rossa<\/h1>\t\t<\/div>\n\t\t\t\t<\/div>\n\t\t\t\t<div class=\"elementor-element elementor-element-71fa870 elementor-widget elementor-widget-heading\" data-id=\"71fa870\" data-element_type=\"widget\" data-widget_type=\"heading.default\">\n\t\t\t\t<div class=\"elementor-widget-container\">\n\t\t\t<h2 class=\"elementor-heading-title elementor-size-default\">UN ALOJAMIENTO CON CRITERIOS SOSTENIBLES<\/h2>\t\t<\/div>\n\t\t\t\t<\/div>\n\t\t\t\t<div class=\"elementor-element elementor-element-306475f elementor-widget elementor-widget-text-editor\" data-id=\"306475f\" data-element_type=\"widget\" data-widget_type=\"text-editor.default\">\n\t\t\t\t<div class=\"elementor-widget-container\">\n\t\t\t\t\t\t\t<div><p><strong>Los alojamientos de la casa rural de Cal Rossa de Ta\u00fas, se han hecho teniendo en cuenta criterios de construcci\u00f3n pasiva y utilizando al mismo tiempo fuentes de energ\u00eda sostenibles, logrando as\u00ed el m\u00e1ximo de respeto medioambiental con su entorno natural. Tendr\u00e1 la experiencia de vivir en alojamientos que generan m\u00e1s energ\u00eda de la que consumen y con una huella de carbono cercana a 0.<\/strong><\/p><p>El proyecto de Cal Rossa quiere recuperar y poner en valor el patrimonio natural, cultural y etnol\u00f3gico del pueblo de Ta\u00fas con el objetivo de dar a conocer tur\u00edsticamente este territorio, que hace menos de un siglo daba vida a m\u00e1s de 300 personas y hoy se pueden contar con los dedos de las manos.<\/p><\/div>\t\t\t\t\t\t<\/div>\n\t\t\t\t<\/div>\n\t\t\t\t\t<\/div>\n\t\t<\/div>\n\t\t\t\t\t<\/div>\n\t\t<\/section>\n\t\t\t\t<section data-particle_enable=\"false\" data-particle-mobile-disabled=\"false\" class=\"elementor-section elementor-top-section elementor-element elementor-element-9aff744 elementor-section-boxed elementor-section-height-default elementor-section-height-default\" data-id=\"9aff744\" data-element_type=\"section\">\n\t\t\t\t\t\t<div class=\"elementor-container elementor-column-gap-default\">\n\t\t\t\t\t<div class=\"elementor-column elementor-col-100 elementor-top-column elementor-element elementor-element-f75ec14\" data-id=\"f75ec14\" data-element_type=\"column\">\n\t\t\t<div class=\"elementor-widget-wrap elementor-element-populated\">\n\t\t\t\t\t\t<div class=\"elementor-element elementor-element-f7f2245 elementor--h-position-center elementor--v-position-middle elementor-arrows-position-inside elementor-pagination-position-inside elementor-widget elementor-widget-slides\" data-id=\"f7f2245\" data-element_type=\"widget\" data-settings=\"{&quot;navigation&quot;:&quot;both&quot;,&quot;autoplay&quot;:&quot;yes&quot;,&quot;pause_on_hover&quot;:&quot;yes&quot;,&quot;pause_on_interaction&quot;:&quot;yes&quot;,&quot;autoplay_speed&quot;:5000,&quot;infinite&quot;:&quot;yes&quot;,&quot;transition&quot;:&quot;slide&quot;,&quot;transition_speed&quot;:500}\" data-widget_type=\"slides.default\">\n\t\t\t\t<div class=\"elementor-widget-container\">\n\t\t\t\t\t<div class=\"elementor-swiper\">\n\t\t\t<div class=\"elementor-slides-wrapper elementor-main-swiper swiper-container\" dir=\"ltr\" data-animation=\"fadeInUp\">\n\t\t\t\t<div class=\"swiper-wrapper elementor-slides\">\n\t\t\t\t\t\t\t\t\t\t<div class=\"elementor-repeater-item-e034e35 swiper-slide\"><div class=\"swiper-slide-bg\" role=\"img\"><\/div><div class=\"swiper-slide-inner\" ><div class=\"swiper-slide-contents\"><\/div><\/div><\/div><div class=\"elementor-repeater-item-b0d5fe2 swiper-slide\"><div class=\"swiper-slide-bg\" role=\"img\"><\/div><div class=\"swiper-slide-inner\" ><div class=\"swiper-slide-contents\"><\/div><\/div><\/div><div class=\"elementor-repeater-item-0e95849 swiper-slide\"><div class=\"swiper-slide-bg\" role=\"img\"><\/div><div class=\"swiper-slide-inner\" ><div class=\"swiper-slide-contents\"><\/div><\/div><\/div><div class=\"elementor-repeater-item-15a6b83 swiper-slide\"><div class=\"swiper-slide-bg\" role=\"img\"><\/div><div class=\"swiper-slide-inner\" ><div class=\"swiper-slide-contents\"><\/div><\/div><\/div><div class=\"elementor-repeater-item-011efe0 swiper-slide\"><div class=\"swiper-slide-bg\" role=\"img\"><\/div><div class=\"swiper-slide-inner\" ><div class=\"swiper-slide-contents\"><\/div><\/div><\/div><div class=\"elementor-repeater-item-1958105 swiper-slide\"><div class=\"swiper-slide-bg\" role=\"img\"><\/div><div class=\"swiper-slide-inner\" ><div class=\"swiper-slide-contents\"><\/div><\/div><\/div><div class=\"elementor-repeater-item-4366770 swiper-slide\"><div class=\"swiper-slide-bg\" role=\"img\"><\/div><div class=\"swiper-slide-inner\" ><div class=\"swiper-slide-contents\"><\/div><\/div><\/div><div class=\"elementor-repeater-item-63ba557 swiper-slide\"><div class=\"swiper-slide-bg\" role=\"img\"><\/div><div class=\"swiper-slide-inner\" ><div class=\"swiper-slide-contents\"><\/div><\/div><\/div><div class=\"elementor-repeater-item-b64bd2d swiper-slide\"><div class=\"swiper-slide-bg\" role=\"img\"><\/div><div class=\"swiper-slide-inner\" ><div class=\"swiper-slide-contents\"><\/div><\/div><\/div>\t\t\t\t<\/div>\n\t\t\t\t\t\t\t\t\t\t\t\t\t\t\t<div class=\"swiper-pagination\"><\/div>\n\t\t\t\t\t\t\t\t\t\t\t\t\t\t\t\t<div class=\"elementor-swiper-button elementor-swiper-button-prev\" role=\"button\" tabindex=\"0\">\n\t\t\t\t\t\t\t<i aria-hidden=\"true\" class=\"eicon-chevron-left\"><\/i>\t\t\t\t\t\t\t<span class=\"elementor-screen-only\">Diapositiva anterior<\/span>\n\t\t\t\t\t\t<\/div>\n\t\t\t\t\t\t<div class=\"elementor-swiper-button elementor-swiper-button-next\" role=\"button\" tabindex=\"0\">\n\t\t\t\t\t\t\t<i aria-hidden=\"true\" class=\"eicon-chevron-right\"><\/i>\t\t\t\t\t\t\t<span class=\"elementor-screen-only\">Diapositiva siguiente<\/span>\n\t\t\t\t\t\t<\/div>\n\t\t\t\t\t\t\t\t\t\t\t\t<\/div>\n\t\t<\/div>\n\t\t\t\t<\/div>\n\t\t\t\t<\/div>\n\t\t\t\t\t<\/div>\n\t\t<\/div>\n\t\t\t\t\t<\/div>\n\t\t<\/section>\n\t\t\t\t<section data-particle_enable=\"false\" data-particle-mobile-disabled=\"false\" class=\"elementor-section elementor-top-section elementor-element elementor-element-b6fa2af elementor-section-boxed elementor-section-height-default elementor-section-height-default\" data-id=\"b6fa2af\" data-element_type=\"section\">\n\t\t\t\t\t\t<div class=\"elementor-container elementor-column-gap-default\">\n\t\t\t\t\t<div class=\"elementor-column elementor-col-33 elementor-top-column elementor-element elementor-element-f96e192\" data-id=\"f96e192\" data-element_type=\"column\">\n\t\t\t<div class=\"elementor-widget-wrap elementor-element-populated\">\n\t\t\t\t\t\t<div class=\"elementor-element elementor-element-0c23918 elementor-widget elementor-widget-image\" data-id=\"0c23918\" data-element_type=\"widget\" data-widget_type=\"image.default\">\n\t\t\t\t<div class=\"elementor-widget-container\">\n\t\t\t\t\t\t\t\t\t\t\t\t\t\t<a href=\"https:\/\/boumortindomit.com\/wp-content\/uploads\/2020\/07\/IMG_3439-scaled.jpg\" data-elementor-open-lightbox=\"yes\" data-elementor-lightbox-title=\"Allotjament de Cal Rossa - Ta\u00fas (Boumort Ind\u00f2mit)\" data-e-action-hash=\"#elementor-action%3Aaction%3Dlightbox%26settings%3DeyJpZCI6MTQ2NSwidXJsIjoiaHR0cHM6XC9cL2JvdW1vcnRpbmRvbWl0LmNvbVwvd3AtY29udGVudFwvdXBsb2Fkc1wvMjAyMFwvMDdcL0lNR18zNDM5LXNjYWxlZC5qcGcifQ%3D%3D\">\n\t\t\t\t\t\t\t<img fetchpriority=\"high\" decoding=\"async\" width=\"1024\" height=\"683\" src=\"https:\/\/boumortindomit.com\/wp-content\/uploads\/2020\/07\/IMG_3439-1024x683.jpg\" class=\"attachment-large size-large wp-image-1465\" alt=\"\" srcset=\"https:\/\/boumortindomit.com\/wp-content\/uploads\/2020\/07\/IMG_3439-1024x683.jpg 1024w, https:\/\/boumortindomit.com\/wp-content\/uploads\/2020\/07\/IMG_3439-300x200.jpg 300w, https:\/\/boumortindomit.com\/wp-content\/uploads\/2020\/07\/IMG_3439-768x512.jpg 768w, https:\/\/boumortindomit.com\/wp-content\/uploads\/2020\/07\/IMG_3439-1536x1024.jpg 1536w, https:\/\/boumortindomit.com\/wp-content\/uploads\/2020\/07\/IMG_3439-2048x1365.jpg 2048w\" sizes=\"(max-width: 1024px) 100vw, 1024px\" \/>\t\t\t\t\t\t\t\t<\/a>\n\t\t\t\t\t\t\t\t\t\t\t\t\t<\/div>\n\t\t\t\t<\/div>\n\t\t\t\t\t<\/div>\n\t\t<\/div>\n\t\t\t\t<div class=\"elementor-column elementor-col-33 elementor-top-column elementor-element elementor-element-93ba01b\" data-id=\"93ba01b\" data-element_type=\"column\">\n\t\t\t<div class=\"elementor-widget-wrap elementor-element-populated\">\n\t\t\t\t\t\t<div class=\"elementor-element elementor-element-c854155 elementor-widget elementor-widget-image\" data-id=\"c854155\" data-element_type=\"widget\" data-widget_type=\"image.default\">\n\t\t\t\t<div class=\"elementor-widget-container\">\n\t\t\t\t\t\t\t\t\t\t\t\t\t\t<a href=\"https:\/\/boumortindomit.com\/wp-content\/uploads\/2020\/07\/IMG_3458.jpg\" data-elementor-open-lightbox=\"yes\" data-elementor-lightbox-title=\"Allotjament de Cal Rossa - Ta\u00fas (Boumort Ind\u00f2mit)\" data-e-action-hash=\"#elementor-action%3Aaction%3Dlightbox%26settings%3DeyJpZCI6MjI2MSwidXJsIjoiaHR0cHM6XC9cL2JvdW1vcnRpbmRvbWl0LmNvbVwvd3AtY29udGVudFwvdXBsb2Fkc1wvMjAyMFwvMDdcL0lNR18zNDU4LmpwZyJ9\">\n\t\t\t\t\t\t\t<img decoding=\"async\" width=\"1024\" height=\"683\" src=\"https:\/\/boumortindomit.com\/wp-content\/uploads\/2020\/07\/IMG_3458-1024x683.jpg\" class=\"attachment-large size-large wp-image-2261\" alt=\"\" srcset=\"https:\/\/boumortindomit.com\/wp-content\/uploads\/2020\/07\/IMG_3458-1024x683.jpg 1024w, https:\/\/boumortindomit.com\/wp-content\/uploads\/2020\/07\/IMG_3458-300x200.jpg 300w, https:\/\/boumortindomit.com\/wp-content\/uploads\/2020\/07\/IMG_3458-768x512.jpg 768w, https:\/\/boumortindomit.com\/wp-content\/uploads\/2020\/07\/IMG_3458-1536x1024.jpg 1536w, https:\/\/boumortindomit.com\/wp-content\/uploads\/2020\/07\/IMG_3458.jpg 1800w\" sizes=\"(max-width: 1024px) 100vw, 1024px\" \/>\t\t\t\t\t\t\t\t<\/a>\n\t\t\t\t\t\t\t\t\t\t\t\t\t<\/div>\n\t\t\t\t<\/div>\n\t\t\t\t\t<\/div>\n\t\t<\/div>\n\t\t\t\t<div class=\"elementor-column elementor-col-33 elementor-top-column elementor-element elementor-element-39c1a2a\" data-id=\"39c1a2a\" data-element_type=\"column\">\n\t\t\t<div class=\"elementor-widget-wrap elementor-element-populated\">\n\t\t\t\t\t\t<div class=\"elementor-element elementor-element-da159c9 elementor-widget elementor-widget-image\" data-id=\"da159c9\" data-element_type=\"widget\" data-widget_type=\"image.default\">\n\t\t\t\t<div class=\"elementor-widget-container\">\n\t\t\t\t\t\t\t\t\t\t\t\t\t\t<a href=\"https:\/\/boumortindomit.com\/wp-content\/uploads\/2020\/07\/IMG_3454.jpg\" data-elementor-open-lightbox=\"yes\" data-elementor-lightbox-title=\"Allotjament de Cal Rossa - Ta\u00fas (Boumort Ind\u00f2mit)\" data-e-action-hash=\"#elementor-action%3Aaction%3Dlightbox%26settings%3DeyJpZCI6MjI2MCwidXJsIjoiaHR0cHM6XC9cL2JvdW1vcnRpbmRvbWl0LmNvbVwvd3AtY29udGVudFwvdXBsb2Fkc1wvMjAyMFwvMDdcL0lNR18zNDU0LmpwZyJ9\">\n\t\t\t\t\t\t\t<img loading=\"lazy\" decoding=\"async\" width=\"1024\" height=\"683\" src=\"https:\/\/boumortindomit.com\/wp-content\/uploads\/2020\/07\/IMG_3454-1024x683.jpg\" class=\"attachment-large size-large wp-image-2260\" alt=\"\" srcset=\"https:\/\/boumortindomit.com\/wp-content\/uploads\/2020\/07\/IMG_3454-1024x683.jpg 1024w, https:\/\/boumortindomit.com\/wp-content\/uploads\/2020\/07\/IMG_3454-300x200.jpg 300w, https:\/\/boumortindomit.com\/wp-content\/uploads\/2020\/07\/IMG_3454-768x512.jpg 768w, https:\/\/boumortindomit.com\/wp-content\/uploads\/2020\/07\/IMG_3454-1536x1024.jpg 1536w, https:\/\/boumortindomit.com\/wp-content\/uploads\/2020\/07\/IMG_3454.jpg 1800w\" sizes=\"(max-width: 1024px) 100vw, 1024px\" \/>\t\t\t\t\t\t\t\t<\/a>\n\t\t\t\t\t\t\t\t\t\t\t\t\t<\/div>\n\t\t\t\t<\/div>\n\t\t\t\t\t<\/div>\n\t\t<\/div>\n\t\t\t\t\t<\/div>\n\t\t<\/section>\n\t\t\t\t<section data-particle_enable=\"false\" data-particle-mobile-disabled=\"false\" class=\"elementor-section elementor-top-section elementor-element elementor-element-52319f1 elementor-section-boxed elementor-section-height-default elementor-section-height-default\" data-id=\"52319f1\" data-element_type=\"section\">\n\t\t\t\t\t\t<div class=\"elementor-container elementor-column-gap-default\">\n\t\t\t\t\t<div class=\"elementor-column elementor-col-100 elementor-top-column elementor-element elementor-element-849afc6\" data-id=\"849afc6\" data-element_type=\"column\">\n\t\t\t<div class=\"elementor-widget-wrap elementor-element-populated\">\n\t\t\t\t\t\t<div class=\"elementor-element elementor-element-77e9c46 elementor-widget elementor-widget-text-editor\" data-id=\"77e9c46\" data-element_type=\"widget\" data-widget_type=\"text-editor.default\">\n\t\t\t\t<div class=\"elementor-widget-container\">\n\t\t\t\t\t\t\t<p style=\"text-align: center;\">M\u00e1s informaci\u00f3n: <a href=\"https:\/\/calrossa.com\/es\" target=\"_blank\" rel=\"noopener\">www.calrossa.com\/es<\/a><\/p>\t\t\t\t\t\t<\/div>\n\t\t\t\t<\/div>\n\t\t\t\t<div class=\"elementor-element elementor-element-c6d5c02 elementor-widget elementor-widget-spacer\" data-id=\"c6d5c02\" data-element_type=\"widget\" data-widget_type=\"spacer.default\">\n\t\t\t\t<div class=\"elementor-widget-container\">\n\t\t\t\t\t<div class=\"elementor-spacer\">\n\t\t\t<div class=\"elementor-spacer-inner\"><\/div>\n\t\t<\/div>\n\t\t\t\t<\/div>\n\t\t\t\t<\/div>\n\t\t\t\t\t<\/div>\n\t\t<\/div>\n\t\t\t\t\t<\/div>\n\t\t<\/section>\n\t\t\t\t<\/div>\n\t\t","protected":false},"excerpt":{"rendered":"<p>Cal Rossa UN ALOJAMIENTO CON CRITERIOS SOSTENIBLES Los alojamientos de la casa rural de Cal Rossa de Ta\u00fas, se han hecho teniendo en cuenta criterios de construcci\u00f3n pasiva y utilizando &hellip;<\/p>\n<p class=\"read-more\"> <a class=\"ast-button\" href=\"https:\/\/boumortindomit.com\/es\/cal-rossa\/\"> <span class=\"screen-reader-text\">Cal Rossa<\/span> Llegir m\u00e9s \u00bb<\/a><\/p>\n","protected":false},"author":1,"featured_media":0,"parent":0,"menu_order":0,"comment_status":"closed","ping_status":"closed","template":"","meta":{"site-sidebar-layout":"no-sidebar","site-content-layout":"page-builder","ast-global-header-display":"","ast-main-header-display":"","ast-hfb-above-header-display":"","ast-hfb-below-header-display":"","ast-hfb-mobile-header-display":"","site-post-title":"disabled","ast-breadcrumbs-content":"","ast-featured-img":"disabled","footer-sml-layout":"","theme-transparent-header-meta":"enabled","adv-header-id-meta":"","stick-header-meta":"default","header-above-stick-meta":"","header-main-stick-meta":"","header-below-stick-meta":"","footnotes":"","_joinchat":[]},"yoast_head":"<!-- This site is optimized with the Yoast SEO plugin v22.1 - https:\/\/yoast.com\/wordpress\/plugins\/seo\/ -->\n<title>Cal Rossa - Boumort Ind\u00f2mit<\/title>\n<meta name=\"robots\" content=\"index, follow, max-snippet:-1, max-image-preview:large, max-video-preview:-1\" \/>\n<link rel=\"canonical\" href=\"https:\/\/boumortindomit.com\/es\/cal-rossa\/\" \/>\n<meta property=\"og:locale\" content=\"es_ES\" \/>\n<meta property=\"og:type\" content=\"article\" \/>\n<meta property=\"og:title\" content=\"Cal Rossa - Boumort Ind\u00f2mit\" \/>\n<meta property=\"og:description\" content=\"Cal Rossa UN ALOJAMIENTO CON CRITERIOS SOSTENIBLES Los alojamientos de la casa rural de Cal Rossa de Ta\u00fas, se han hecho teniendo en cuenta criterios de construcci\u00f3n pasiva y utilizando &hellip; Cal Rossa Llegir m\u00e9s \u00bb\" \/>\n<meta property=\"og:url\" content=\"https:\/\/boumortindomit.com\/es\/cal-rossa\/\" \/>\n<meta property=\"og:site_name\" content=\"Boumort Ind\u00f2mit\" \/>\n<meta property=\"article:modified_time\" content=\"2021-06-09T16:35:55+00:00\" \/>\n<meta property=\"og:image\" content=\"https:\/\/boumortindomit.com\/wp-content\/uploads\/2020\/07\/calrossa.png\" \/>\n<meta name=\"twitter:card\" content=\"summary_large_image\" \/>\n<meta name=\"twitter:label1\" content=\"Tiempo de lectura\" \/>\n\t<meta name=\"twitter:data1\" content=\"2 minutos\" \/>\n<script type=\"application\/ld+json\" class=\"yoast-schema-graph\">{\"@context\":\"https:\/\/schema.org\",\"@graph\":[{\"@type\":\"WebPage\",\"@id\":\"https:\/\/boumortindomit.com\/es\/cal-rossa\/\",\"url\":\"https:\/\/boumortindomit.com\/es\/cal-rossa\/\",\"name\":\"Cal Rossa - Boumort Ind\u00f2mit\",\"isPartOf\":{\"@id\":\"https:\/\/boumortindomit.com\/#website\"},\"datePublished\":\"2020-06-18T10:10:32+00:00\",\"dateModified\":\"2021-06-09T16:35:55+00:00\",\"breadcrumb\":{\"@id\":\"https:\/\/boumortindomit.com\/es\/cal-rossa\/#breadcrumb\"},\"inLanguage\":\"es\",\"potentialAction\":[{\"@type\":\"ReadAction\",\"target\":[\"https:\/\/boumortindomit.com\/es\/cal-rossa\/\"]}]},{\"@type\":\"BreadcrumbList\",\"@id\":\"https:\/\/boumortindomit.com\/es\/cal-rossa\/#breadcrumb\",\"itemListElement\":[{\"@type\":\"ListItem\",\"position\":1,\"name\":\"Inici\",\"item\":\"https:\/\/boumortindomit.com\/\"},{\"@type\":\"ListItem\",\"position\":2,\"name\":\"Cal Rossa\"}]},{\"@type\":\"WebSite\",\"@id\":\"https:\/\/boumortindomit.com\/#website\",\"url\":\"https:\/\/boumortindomit.com\/\",\"name\":\"Boumort Ind\u00f2mit\",\"description\":\"Ecoturisme\",\"potentialAction\":[{\"@type\":\"SearchAction\",\"target\":{\"@type\":\"EntryPoint\",\"urlTemplate\":\"https:\/\/boumortindomit.com\/?s={search_term_string}\"},\"query-input\":\"required name=search_term_string\"}],\"inLanguage\":\"es\"}]}<\/script>\n<!-- \/ Yoast SEO plugin. -->","yoast_head_json":{"title":"Cal Rossa - Boumort Ind\u00f2mit","robots":{"index":"index","follow":"follow","max-snippet":"max-snippet:-1","max-image-preview":"max-image-preview:large","max-video-preview":"max-video-preview:-1"},"canonical":"https:\/\/boumortindomit.com\/es\/cal-rossa\/","og_locale":"es_ES","og_type":"article","og_title":"Cal Rossa - Boumort Ind\u00f2mit","og_description":"Cal Rossa UN ALOJAMIENTO CON CRITERIOS SOSTENIBLES Los alojamientos de la casa rural de Cal Rossa de Ta\u00fas, se han hecho teniendo en cuenta criterios de construcci\u00f3n pasiva y utilizando &hellip; Cal Rossa Llegir m\u00e9s \u00bb","og_url":"https:\/\/boumortindomit.com\/es\/cal-rossa\/","og_site_name":"Boumort Ind\u00f2mit","article_modified_time":"2021-06-09T16:35:55+00:00","og_image":[{"url":"https:\/\/boumortindomit.com\/wp-content\/uploads\/2020\/07\/calrossa.png"}],"twitter_card":"summary_large_image","twitter_misc":{"Tiempo de lectura":"2 minutos"},"schema":{"@context":"https:\/\/schema.org","@graph":[{"@type":"WebPage","@id":"https:\/\/boumortindomit.com\/es\/cal-rossa\/","url":"https:\/\/boumortindomit.com\/es\/cal-rossa\/","name":"Cal Rossa - Boumort Ind\u00f2mit","isPartOf":{"@id":"https:\/\/boumortindomit.com\/#website"},"datePublished":"2020-06-18T10:10:32+00:00","dateModified":"2021-06-09T16:35:55+00:00","breadcrumb":{"@id":"https:\/\/boumortindomit.com\/es\/cal-rossa\/#breadcrumb"},"inLanguage":"es","potentialAction":[{"@type":"ReadAction","target":["https:\/\/boumortindomit.com\/es\/cal-rossa\/"]}]},{"@type":"BreadcrumbList","@id":"https:\/\/boumortindomit.com\/es\/cal-rossa\/#breadcrumb","itemListElement":[{"@type":"ListItem","position":1,"name":"Inici","item":"https:\/\/boumortindomit.com\/"},{"@type":"ListItem","position":2,"name":"Cal Rossa"}]},{"@type":"WebSite","@id":"https:\/\/boumortindomit.com\/#website","url":"https:\/\/boumortindomit.com\/","name":"Boumort Ind\u00f2mit","description":"Ecoturisme","potentialAction":[{"@type":"SearchAction","target":{"@type":"EntryPoint","urlTemplate":"https:\/\/boumortindomit.com\/?s={search_term_string}"},"query-input":"required name=search_term_string"}],"inLanguage":"es"}]}},"_links":{"self":[{"href":"https:\/\/boumortindomit.com\/es\/wp-json\/wp\/v2\/pages\/3697"}],"collection":[{"href":"https:\/\/boumortindomit.com\/es\/wp-json\/wp\/v2\/pages"}],"about":[{"href":"https:\/\/boumortindomit.com\/es\/wp-json\/wp\/v2\/types\/page"}],"author":[{"embeddable":true,"href":"https:\/\/boumortindomit.com\/es\/wp-json\/wp\/v2\/users\/1"}],"replies":[{"embeddable":true,"href":"https:\/\/boumortindomit.com\/es\/wp-json\/wp\/v2\/comments?post=3697"}],"version-history":[{"count":0,"href":"https:\/\/boumortindomit.com\/es\/wp-json\/wp\/v2\/pages\/3697\/revisions"}],"wp:attachment":[{"href":"https:\/\/boumortindomit.com\/es\/wp-json\/wp\/v2\/media?parent=3697"}],"curies":[{"name":"wp","href":"https:\/\/api.w.org\/{rel}","templated":true}]}}